{"id":102,"date":"2022-10-02T11:01:49","date_gmt":"2022-10-02T11:01:49","guid":{"rendered":"http:\/\/tokl.de\/?page_id=102"},"modified":"2025-09-18T14:03:08","modified_gmt":"2025-09-18T12:03:08","slug":"pilzberatung","status":"publish","type":"page","link":"https:\/\/tokl.de\/?page_id=102","title":{"rendered":"Pilzberatung"},"content":{"rendered":"\n<p><\/p>\n\n\n\n<div class=\"wp-block-columns alignwide are-vertically-aligned-center is-layout-flex wp-container-core-columns-is-layout-9d6595d7 wp-block-columns-is-layout-flex\">\n<div class=\"wp-block-column is-layout-flow wp-block-column-is-layout-flow\" style=\"flex-basis:50%\">\n<figure class=\"wp-block-image\"><img loading=\"lazy\" decoding=\"async\" width=\"768\" height=\"1024\" src=\"https:\/\/tokl.de\/wp-content\/uploads\/2022\/10\/Amanita-rubescens-3-1-768x1024.jpg\" alt=\"\" class=\"wp-image-103\" srcset=\"https:\/\/tokl.de\/wp-content\/uploads\/2022\/10\/Amanita-rubescens-3-1-768x1024.jpg 768w, https:\/\/tokl.de\/wp-content\/uploads\/2022\/10\/Amanita-rubescens-3-1-225x300.jpg 225w, https:\/\/tokl.de\/wp-content\/uploads\/2022\/10\/Amanita-rubescens-3-1-1152x1536.jpg 1152w, https:\/\/tokl.de\/wp-content\/uploads\/2022\/10\/Amanita-rubescens-3-1-1536x2048.jpg 1536w, https:\/\/tokl.de\/wp-content\/uploads\/2022\/10\/Amanita-rubescens-3-1-1800x2400.jpg 1800w, https:\/\/tokl.de\/wp-content\/uploads\/2022\/10\/Amanita-rubescens-3-1-900x1200.jpg 900w, https:\/\/tokl.de\/wp-content\/uploads\/2022\/10\/Amanita-rubescens-3-1-scaled.jpg 1920w\" sizes=\"auto, (max-width: 768px) 100vw, 768px\" \/><\/figure>\n<\/div>\n\n\n\n<div class=\"wp-block-column is-layout-flow wp-block-column-is-layout-flow\" style=\"flex-basis:50%\">\n<p>Als Pilzsachverst\u00e4ndiger der Deutschen Gesellschaft f\u00fcr Mykologie (DGfM) unterst\u00fctze ich Sie gerne dabei, Ihre gesammelten Wildpilze sicher zu bestimmen \u2013 und so f\u00fcr einen unbeschwerten Genuss zu sorgen.<\/p>\n\n\n\n<p>Bringen Sie Ihren Pilzkorb mit den von Ihnen gesammelten Arten vorbei; ich pr\u00fcfe Ihre Funde kostenlos und informiere Sie \u00fcber deren Verwertbarkeit und eventuelle Risiken.<\/p>\n\n\n\n<p>Bitte melden Sie sich f\u00fcr eine optimale Beratung vorab an \u2013 damit ich mir ausreichend Zeit f\u00fcr Ihre Fragen nehmen kann.<\/p>\n\n\n\n<p>Bitte beachten Sie, dass die Pilzberatung nach bestem Wissen und Gewissen erfolgt, jedoch keine Haftung f\u00fcr etwaige Sch\u00e4den durch Verzehr, Verarbeitung oder Fehlbestimmung \u00fcbernommen werden kann. Die endg\u00fcltige Verantwortung f\u00fcr die sichere Zubereitung und den Verzehr liegt stets beim Finder<\/p>\n\n\n\n<h5 class=\"wp-block-heading\">Kontakt:<\/h5>\n\n\n\n<p>Thomas Klein, Josef-Greising-Str. 6, 97346 Iphofen<\/p>\n\n\n\n<p>Mobil: 0170\/3064970<\/p>\n\n\n\n<p>Mail: thomas.klein(at)tokl.de<\/p>\n<\/div>\n<\/div>\n\n\n\n<p>Weitere Kontaktdaten zu Pilzsachverst\u00e4ndigen der <strong>Deutschen Gesellschaft f\u00fcr Mykologie<\/strong> und Pilzberater der <strong>Bayerischen Mykologische Gesellschaft<\/strong> in den Landkreisen W\u00fcrzburg und Kitzingen finden Sie auf der Seite der <a href=\"https:\/\/www.pilzfreunde-mainfranken.de\" target=\"_blank\" rel=\"noreferrer noopener nofollow\">Pilzfreunde Mainfranken<\/a> (unter dem Men\u00fcpunkt Infos).<\/p>\n\n\n\n<p>Von der <strong>Deutschen Gesellschaft f\u00fcr Mykologie<\/strong> (DGfM) anerkannte Pilzsachverst\u00e4ndige finden Sie im Internet auf der <a href=\"http:\/\/dgfm-ev.de\/index.php?id=psv-liste\" target=\"_blank\" rel=\"noreferrer noopener nofollow\">Website<\/a> der DGfM.<\/p>\n\n\n\n<p>Von der <strong>Bayerischen Mykologischen Gesellschaft<\/strong> (BMG) anerkannte Pilzberater finden Sie im Internet auf der <a href=\"https:\/\/pilze-bayern.de\/pilzberatung\/pilzberater\" target=\"_blank\" rel=\"noreferrer noopener nofollow\">Website<\/a> der BMG.<\/p>\n\n\n\n<figure class=\"wp-block-image size-large\"><img loading=\"lazy\" decoding=\"async\" width=\"1024\" height=\"768\" src=\"https:\/\/tokl.de\/wp-content\/uploads\/2022\/10\/2013-09-29-11.43.41-1024x768.jpg\" alt=\"\" class=\"wp-image-144\" srcset=\"https:\/\/tokl.de\/wp-content\/uploads\/2022\/10\/2013-09-29-11.43.41-1024x768.jpg 1024w, https:\/\/tokl.de\/wp-content\/uploads\/2022\/10\/2013-09-29-11.43.41-300x225.jpg 300w, https:\/\/tokl.de\/wp-content\/uploads\/2022\/10\/2013-09-29-11.43.41-768x576.jpg 768w, https:\/\/tokl.de\/wp-content\/uploads\/2022\/10\/2013-09-29-11.43.41-1536x1152.jpg 1536w, https:\/\/tokl.de\/wp-content\/uploads\/2022\/10\/2013-09-29-11.43.41-2048x1536.jpg 2048w\" sizes=\"auto, (max-width: 1024px) 100vw, 1024px\" \/><\/figure>\n","protected":false},"excerpt":{"rendered":"<p>Als Pilzsachverst\u00e4ndiger der Deutschen Gesellschaft f\u00fcr Mykologie (DGfM) unterst\u00fctze ich Sie gerne dabei, Ihre gesammelten Wildpilze sicher zu bestimmen \u2013 und so f\u00fcr einen unbeschwerten Genuss zu sorgen. Bringen Sie Ihren Pilzkorb mit den von Ihnen gesammelten Arten vorbei; ich pr\u00fcfe Ihre Funde kostenlos und informiere Sie \u00fcber deren Verwertbarkeit und eventuelle Risiken. Bitte melden &hellip; <a href=\"https:\/\/tokl.de\/?page_id=102\" class=\"excerpt-link\">Weiterlesen<\/a><\/p>\n","protected":false},"author":1,"featured_media":0,"parent":0,"menu_order":0,"comment_status":"closed","ping_status":"closed","template":"","meta":{"footnotes":""},"class_list":["post-102","page","type-page","status-publish","hentry"],"yoast_head":"<!-- This site is optimized with the Yoast SEO plugin v27.5 - https:\/\/yoast.com\/product\/yoast-seo-wordpress\/ -->\n<title>Pilzberatung - Fachlicher Pilzsachverst\u00e4ndiger &amp; Beratung f\u00fcr sicheres Pilzesammeln<\/title>\n<meta name=\"description\" content=\"Professionelle Pilzberatung: Erfahren Sie alles rund um Pilzbestimmung, sicheres Sammeln und Pilzschutz. Nutzen Sie meine fachkundige Beratung f\u00fcr Ihre Fragen zu Pilzen und vergiftungsverd\u00e4chtigen Funden. Jetzt informieren und sicher sammeln!\" \/>\n<meta name=\"robots\" content=\"index, follow, max-snippet:-1, max-image-preview:large, max-video-preview:-1\" \/>\n<link rel=\"canonical\" href=\"https:\/\/tokl.de\/?page_id=102\" \/>\n<meta property=\"og:locale\" content=\"de_DE\" \/>\n<meta property=\"og:type\" content=\"article\" \/>\n<meta property=\"og:title\" content=\"Pilzberatung - Fachlicher Pilzsachverst\u00e4ndiger &amp; Beratung f\u00fcr sicheres Pilzesammeln\" \/>\n<meta property=\"og:description\" content=\"Professionelle Pilzberatung: Erfahren Sie alles rund um Pilzbestimmung, sicheres Sammeln und Pilzschutz. Nutzen Sie meine fachkundige Beratung f\u00fcr Ihre Fragen zu Pilzen und vergiftungsverd\u00e4chtigen Funden. Jetzt informieren und sicher sammeln!\" \/>\n<meta property=\"og:url\" content=\"https:\/\/tokl.de\/?page_id=102\" \/>\n<meta property=\"og:site_name\" content=\"Fachlicher Pilzsachverst\u00e4ndiger &amp; Beratung f\u00fcr sicheres Pilzesammeln\" \/>\n<meta property=\"article:modified_time\" content=\"2025-09-18T12:03:08+00:00\" \/>\n<meta property=\"og:image\" content=\"http:\/\/tokl.de\/wp-content\/uploads\/2022\/10\/Amanita-rubescens-3-1-768x1024.jpg\" \/>\n<meta name=\"twitter:card\" content=\"summary_large_image\" \/>\n<meta name=\"twitter:label1\" content=\"Gesch\u00e4tzte Lesezeit\" \/>\n\t<meta name=\"twitter:data1\" content=\"2\u00a0Minuten\" \/>\n<script type=\"application\/ld+json\" class=\"yoast-schema-graph\">{\"@context\":\"https:\\\/\\\/schema.org\",\"@graph\":[{\"@type\":\"WebPage\",\"@id\":\"https:\\\/\\\/tokl.de\\\/?page_id=102\",\"url\":\"https:\\\/\\\/tokl.de\\\/?page_id=102\",\"name\":\"Pilzberatung - Fachlicher Pilzsachverst\u00e4ndiger &amp; Beratung f\u00fcr sicheres Pilzesammeln\",\"isPartOf\":{\"@id\":\"https:\\\/\\\/tokl.de\\\/#website\"},\"primaryImageOfPage\":{\"@id\":\"https:\\\/\\\/tokl.de\\\/?page_id=102#primaryimage\"},\"image\":{\"@id\":\"https:\\\/\\\/tokl.de\\\/?page_id=102#primaryimage\"},\"thumbnailUrl\":\"http:\\\/\\\/tokl.de\\\/wp-content\\\/uploads\\\/2022\\\/10\\\/Amanita-rubescens-3-1-768x1024.jpg\",\"datePublished\":\"2022-10-02T11:01:49+00:00\",\"dateModified\":\"2025-09-18T12:03:08+00:00\",\"description\":\"Professionelle Pilzberatung: Erfahren Sie alles rund um Pilzbestimmung, sicheres Sammeln und Pilzschutz. Nutzen Sie meine fachkundige Beratung f\u00fcr Ihre Fragen zu Pilzen und vergiftungsverd\u00e4chtigen Funden. Jetzt informieren und sicher sammeln!\",\"breadcrumb\":{\"@id\":\"https:\\\/\\\/tokl.de\\\/?page_id=102#breadcrumb\"},\"inLanguage\":\"de\",\"potentialAction\":[{\"@type\":\"ReadAction\",\"target\":[\"https:\\\/\\\/tokl.de\\\/?page_id=102\"]}]},{\"@type\":\"ImageObject\",\"inLanguage\":\"de\",\"@id\":\"https:\\\/\\\/tokl.de\\\/?page_id=102#primaryimage\",\"url\":\"http:\\\/\\\/tokl.de\\\/wp-content\\\/uploads\\\/2022\\\/10\\\/Amanita-rubescens-3-1-768x1024.jpg\",\"contentUrl\":\"http:\\\/\\\/tokl.de\\\/wp-content\\\/uploads\\\/2022\\\/10\\\/Amanita-rubescens-3-1-768x1024.jpg\"},{\"@type\":\"BreadcrumbList\",\"@id\":\"https:\\\/\\\/tokl.de\\\/?page_id=102#breadcrumb\",\"itemListElement\":[{\"@type\":\"ListItem\",\"position\":1,\"name\":\"Startseite\",\"item\":\"https:\\\/\\\/tokl.de\\\/\"},{\"@type\":\"ListItem\",\"position\":2,\"name\":\"Pilzberatung\"}]},{\"@type\":\"WebSite\",\"@id\":\"https:\\\/\\\/tokl.de\\\/#website\",\"url\":\"https:\\\/\\\/tokl.de\\\/\",\"name\":\"Fachlicher Pilzsachverst\u00e4ndiger &amp; Beratung f\u00fcr sicheres Pilzesammeln\",\"description\":\"Kompetente Hilfe bei Pilzbestimmung, Pilzberatung und Pilzvergiftungen \u2013 Ihr Ansprechpartner mit Erfahrung und Leidenschaft f\u00fcr Mykologie\",\"alternateName\":\"Pilzexperte - Pilzsachverst\u00e4ndiger\",\"potentialAction\":[{\"@type\":\"SearchAction\",\"target\":{\"@type\":\"EntryPoint\",\"urlTemplate\":\"https:\\\/\\\/tokl.de\\\/?s={search_term_string}\"},\"query-input\":{\"@type\":\"PropertyValueSpecification\",\"valueRequired\":true,\"valueName\":\"search_term_string\"}}],\"inLanguage\":\"de\"}]}<\/script>\n<!-- \/ Yoast SEO plugin. -->","yoast_head_json":{"title":"Pilzberatung - Fachlicher Pilzsachverst\u00e4ndiger &amp; Beratung f\u00fcr sicheres Pilzesammeln","description":"Professionelle Pilzberatung: Erfahren Sie alles rund um Pilzbestimmung, sicheres Sammeln und Pilzschutz. Nutzen Sie meine fachkundige Beratung f\u00fcr Ihre Fragen zu Pilzen und vergiftungsverd\u00e4chtigen Funden. Jetzt informieren und sicher sammeln!","robots":{"index":"index","follow":"follow","max-snippet":"max-snippet:-1","max-image-preview":"max-image-preview:large","max-video-preview":"max-video-preview:-1"},"canonical":"https:\/\/tokl.de\/?page_id=102","og_locale":"de_DE","og_type":"article","og_title":"Pilzberatung - Fachlicher Pilzsachverst\u00e4ndiger &amp; Beratung f\u00fcr sicheres Pilzesammeln","og_description":"Professionelle Pilzberatung: Erfahren Sie alles rund um Pilzbestimmung, sicheres Sammeln und Pilzschutz. Nutzen Sie meine fachkundige Beratung f\u00fcr Ihre Fragen zu Pilzen und vergiftungsverd\u00e4chtigen Funden. Jetzt informieren und sicher sammeln!","og_url":"https:\/\/tokl.de\/?page_id=102","og_site_name":"Fachlicher Pilzsachverst\u00e4ndiger &amp; Beratung f\u00fcr sicheres Pilzesammeln","article_modified_time":"2025-09-18T12:03:08+00:00","og_image":[{"url":"http:\/\/tokl.de\/wp-content\/uploads\/2022\/10\/Amanita-rubescens-3-1-768x1024.jpg","type":"","width":"","height":""}],"twitter_card":"summary_large_image","twitter_misc":{"Gesch\u00e4tzte Lesezeit":"2\u00a0Minuten"},"schema":{"@context":"https:\/\/schema.org","@graph":[{"@type":"WebPage","@id":"https:\/\/tokl.de\/?page_id=102","url":"https:\/\/tokl.de\/?page_id=102","name":"Pilzberatung - Fachlicher Pilzsachverst\u00e4ndiger &amp; Beratung f\u00fcr sicheres Pilzesammeln","isPartOf":{"@id":"https:\/\/tokl.de\/#website"},"primaryImageOfPage":{"@id":"https:\/\/tokl.de\/?page_id=102#primaryimage"},"image":{"@id":"https:\/\/tokl.de\/?page_id=102#primaryimage"},"thumbnailUrl":"http:\/\/tokl.de\/wp-content\/uploads\/2022\/10\/Amanita-rubescens-3-1-768x1024.jpg","datePublished":"2022-10-02T11:01:49+00:00","dateModified":"2025-09-18T12:03:08+00:00","description":"Professionelle Pilzberatung: Erfahren Sie alles rund um Pilzbestimmung, sicheres Sammeln und Pilzschutz. Nutzen Sie meine fachkundige Beratung f\u00fcr Ihre Fragen zu Pilzen und vergiftungsverd\u00e4chtigen Funden. Jetzt informieren und sicher sammeln!","breadcrumb":{"@id":"https:\/\/tokl.de\/?page_id=102#breadcrumb"},"inLanguage":"de","potentialAction":[{"@type":"ReadAction","target":["https:\/\/tokl.de\/?page_id=102"]}]},{"@type":"ImageObject","inLanguage":"de","@id":"https:\/\/tokl.de\/?page_id=102#primaryimage","url":"http:\/\/tokl.de\/wp-content\/uploads\/2022\/10\/Amanita-rubescens-3-1-768x1024.jpg","contentUrl":"http:\/\/tokl.de\/wp-content\/uploads\/2022\/10\/Amanita-rubescens-3-1-768x1024.jpg"},{"@type":"BreadcrumbList","@id":"https:\/\/tokl.de\/?page_id=102#breadcrumb","itemListElement":[{"@type":"ListItem","position":1,"name":"Startseite","item":"https:\/\/tokl.de\/"},{"@type":"ListItem","position":2,"name":"Pilzberatung"}]},{"@type":"WebSite","@id":"https:\/\/tokl.de\/#website","url":"https:\/\/tokl.de\/","name":"Fachlicher Pilzsachverst\u00e4ndiger &amp; Beratung f\u00fcr sicheres Pilzesammeln","description":"Kompetente Hilfe bei Pilzbestimmung, Pilzberatung und Pilzvergiftungen \u2013 Ihr Ansprechpartner mit Erfahrung und Leidenschaft f\u00fcr Mykologie","alternateName":"Pilzexperte - Pilzsachverst\u00e4ndiger","potentialAction":[{"@type":"SearchAction","target":{"@type":"EntryPoint","urlTemplate":"https:\/\/tokl.de\/?s={search_term_string}"},"query-input":{"@type":"PropertyValueSpecification","valueRequired":true,"valueName":"search_term_string"}}],"inLanguage":"de"}]}},"_links":{"self":[{"href":"https:\/\/tokl.de\/index.php?rest_route=\/wp\/v2\/pages\/102","targetHints":{"allow":["GET"]}}],"collection":[{"href":"https:\/\/tokl.de\/index.php?rest_route=\/wp\/v2\/pages"}],"about":[{"href":"https:\/\/tokl.de\/index.php?rest_route=\/wp\/v2\/types\/page"}],"author":[{"embeddable":true,"href":"https:\/\/tokl.de\/index.php?rest_route=\/wp\/v2\/users\/1"}],"replies":[{"embeddable":true,"href":"https:\/\/tokl.de\/index.php?rest_route=%2Fwp%2Fv2%2Fcomments&post=102"}],"version-history":[{"count":8,"href":"https:\/\/tokl.de\/index.php?rest_route=\/wp\/v2\/pages\/102\/revisions"}],"predecessor-version":[{"id":207,"href":"https:\/\/tokl.de\/index.php?rest_route=\/wp\/v2\/pages\/102\/revisions\/207"}],"wp:attachment":[{"href":"https:\/\/tokl.de\/index.php?rest_route=%2Fwp%2Fv2%2Fmedia&parent=102"}],"curies":[{"name":"wp","href":"https:\/\/api.w.org\/{rel}","templated":true}]}}