{"id":124,"date":"2022-10-02T11:40:56","date_gmt":"2022-10-02T11:40:56","guid":{"rendered":"http:\/\/tokl.de\/?page_id=124"},"modified":"2026-03-11T08:47:18","modified_gmt":"2026-03-11T07:47:18","slug":"termine","status":"publish","type":"page","link":"https:\/\/tokl.de\/?page_id=124","title":{"rendered":"Termine"},"content":{"rendered":"\n<p><strong>03.05.2026 11:00 &#8211; 18:00 Uhr &#8211; Waldtag 2026 \u2013 \u201cWald- und Wiesensch\u00e4tze\u201d beim Steigerwaldzentrum Handthal<\/strong><\/p>\n\n\n\n<p>Ein bunter<strong> <\/strong>Familientag f\u00fcr Jung und Alt mit viel Programm, Spiel, Spa\u00df und Wissen, in diesem Jahr unter dem gro\u00dfen Thema \u201cWald- und Wiesensch\u00e4tze\u201d. Wir sind mit einem Info-Stand zum Thema Pilze vertreten.<\/p>\n\n\n\n<p class=\"has-text-align-center\"><strong>-Eintritt frei- <\/strong><\/p>\n\n\n\n<p class=\"has-text-align-center\">Mehr Infos: <a href=\"https:\/\/steigerwald-zentrum.de\/termin\/waldtag-2026\/\">https:\/\/steigerwald-zentrum.de\/termin\/waldtag-2026\/<\/a><\/p>\n\n\n\n<p><strong>21.06.2026 10:00 Uhr &#8211; Pilzlehrwanderung im Gramschatzer Wald<\/strong><\/p>\n\n\n\n<p>Anmeldung \u00fcber VHS W\u00fcrzburg: <a href=\"https:\/\/www.vhs-wuerzburg.info\/p\/gesellschaft\/natur-umwelt-ausfluege\/wanderungen-und-exkursionen\/pilzwanderung-im-gramschatzer-wald-489-C-18072063\">https:\/\/www.vhs-wuerzburg.info\/p\/gesellschaft\/natur-umwelt-ausfluege\/wanderungen-und-exkursionen\/pilzwanderung-im-gramschatzer-wald-489-C-18072063<\/a><\/p>\n\n\n\n<p><strong>05.07.2026 09:00 Uhr &#8211; Pilzlehrwanderung bei Schweinfurt<\/strong><\/p>\n\n\n\n<p>Anmeldung \u00fcber VHS Schweinfurt: <a href=\"https:\/\/www.vhs-schweinfurt.de\/programm\/kurssuche\/kurs\/Pilze+im+Sommer\/E17201\">https:\/\/www.vhs-schweinfurt.de\/programm\/kurssuche\/kurs\/Pilze+im+Sommer\/E17201<\/a><\/p>\n\n\n\n<p><strong>19.07.2026 09:30 Uhr &#8211; Pilzlehrwanderung bei Karlstadt<\/strong><\/p>\n\n\n\n<p>Anmeldung \u00fcber VHS Karlstadt: <a href=\"https:\/\/www.vhs-karlstadt.de\/kurssuche\/kurs\/Pilzlehrwanderung-Sommerpilze-bestimmen\/26-K10960S\">https:\/\/www.vhs-karlstadt.de\/kurssuche\/kurs\/Pilzlehrwanderung-Sommerpilze-bestimmen\/26-K10960S<\/a><\/p>\n\n\n\n<p><strong>04.10.2026 14:00 Uhr &#8211; Pilzlehrwanderung bei Kitzingen<\/strong><\/p>\n\n\n\n<p>Anmeldung \u00fcber VHS Kitzingen<\/p>\n\n\n\n<p><strong>11.10.2026 10:00 Uhr und 14:00 Uhr &#8211; Pilzlehrwanderung bei Bamberg<\/strong><\/p>\n\n\n\n<p>Anmeldung \u00fcber VHS Bamberg<\/p>\n\n\n\n<p><strong>17.10.2026 14:00 Uhr &#8211; Pilzlehrwanderung im Gramschatzer Wald<\/strong><\/p>\n\n\n\n<p>Anmeldung \u00fcber VHS W\u00fcrzburg<\/p>\n\n\n\n<p><strong>18.10.2026 14:00 Uhr &#8211; Pilzlehrwanderung bei Ochsenfurt<\/strong><\/p>\n\n\n\n<p>Anmeldung \u00fcber VHS Kitzingen<\/p>\n\n\n\n<p><strong>25.10.2026 09:30 Uhr &#8211; Pilzlehrwanderung bei Schweinfurt<\/strong><\/p>\n\n\n\n<p>Anmeldung \u00fcber VHS Schweinfurt<\/p>\n\n\n\n<p><strong>25.10.2026 14:00 Uhr &#8211; Pilzlehrwanderung beim Steigerwaldzentrum<\/strong><\/p>\n\n\n\n<p>Anmeldung \u00fcber das Steigerwaldzentrum: <a href=\"https:\/\/steigerwald-zentrum.de\/termin\/pilzlehrwanderung-2\/\">https:\/\/steigerwald-zentrum.de\/termin\/pilzlehrwanderung-2\/<\/a><\/p>\n\n\n\n<p><strong>31.10.2026 10:00 Uhr &#8211; Pilzlehrwanderung bei Karlstadt<\/strong> <\/p>\n\n\n\n<p>Anmeldung \u00fcber VHS Karlstadt<\/p>\n\n\n\n<p><strong>31.10.2026 14:00 Uhr &#8211; Pilzlehrwanderung bei Arnstein<\/strong><\/p>\n\n\n\n<p>Anmeldung \u00fcber VHS Karlstadt<\/p>\n\n\n\n<p><strong>Weitere Termine f\u00fcr Pilzlehrwanderungen im Landkreis Kitzingen finden Sie auf der Seite<\/strong><\/p>\n\n\n\n<p><a href=\"https:\/\/kt-pilze.de\/pilz-und-naturlehrwanderungen\">https:\/\/kt-pilze.de\/pilz-und-naturlehrwanderungen<\/a><\/p>\n\n\n\n<p><\/p>\n\n\n\n<p><\/p>\n","protected":false},"excerpt":{"rendered":"<p>03.05.2026 11:00 &#8211; 18:00 Uhr &#8211; Waldtag 2026 \u2013 \u201cWald- und Wiesensch\u00e4tze\u201d beim Steigerwaldzentrum Handthal Ein bunter Familientag f\u00fcr Jung und Alt mit viel Programm, Spiel, Spa\u00df und Wissen, in diesem Jahr unter dem gro\u00dfen Thema \u201cWald- und Wiesensch\u00e4tze\u201d. Wir sind mit einem Info-Stand zum Thema Pilze vertreten. -Eintritt frei- Mehr Infos: https:\/\/steigerwald-zentrum.de\/termin\/waldtag-2026\/ 21.06.2026 10:00 &hellip; <a href=\"https:\/\/tokl.de\/?page_id=124\" class=\"excerpt-link\">Weiterlesen<\/a><\/p>\n","protected":false},"author":1,"featured_media":0,"parent":0,"menu_order":0,"comment_status":"closed","ping_status":"closed","template":"","meta":{"footnotes":""},"class_list":["post-124","page","type-page","status-publish","hentry"],"yoast_head":"<!-- This site is optimized with the Yoast SEO plugin v27.5 - https:\/\/yoast.com\/product\/yoast-seo-wordpress\/ -->\n<title>Termine - Fachlicher Pilzsachverst\u00e4ndiger &amp; Beratung f\u00fcr sicheres Pilzesammeln<\/title>\n<meta name=\"robots\" content=\"index, follow, max-snippet:-1, max-image-preview:large, max-video-preview:-1\" \/>\n<link rel=\"canonical\" href=\"https:\/\/tokl.de\/?page_id=124\" \/>\n<meta property=\"og:locale\" content=\"de_DE\" \/>\n<meta property=\"og:type\" content=\"article\" \/>\n<meta property=\"og:title\" content=\"Termine - Fachlicher Pilzsachverst\u00e4ndiger &amp; Beratung f\u00fcr sicheres Pilzesammeln\" \/>\n<meta property=\"og:description\" content=\"03.05.2026 11:00 &#8211; 18:00 Uhr &#8211; Waldtag 2026 \u2013 \u201cWald- und Wiesensch\u00e4tze\u201d beim Steigerwaldzentrum Handthal Ein bunter Familientag f\u00fcr Jung und Alt mit viel Programm, Spiel, Spa\u00df und Wissen, in diesem Jahr unter dem gro\u00dfen Thema \u201cWald- und Wiesensch\u00e4tze\u201d. Wir sind mit einem Info-Stand zum Thema Pilze vertreten. -Eintritt frei- Mehr Infos: https:\/\/steigerwald-zentrum.de\/termin\/waldtag-2026\/ 21.06.2026 10:00 &hellip; Weiterlesen\" \/>\n<meta property=\"og:url\" content=\"https:\/\/tokl.de\/?page_id=124\" \/>\n<meta property=\"og:site_name\" content=\"Fachlicher Pilzsachverst\u00e4ndiger &amp; Beratung f\u00fcr sicheres Pilzesammeln\" \/>\n<meta property=\"article:modified_time\" content=\"2026-03-11T07:47:18+00:00\" \/>\n<meta name=\"twitter:card\" content=\"summary_large_image\" \/>\n<meta name=\"twitter:label1\" content=\"Gesch\u00e4tzte Lesezeit\" \/>\n\t<meta name=\"twitter:data1\" content=\"2\u00a0Minuten\" \/>\n<script type=\"application\/ld+json\" class=\"yoast-schema-graph\">{\"@context\":\"https:\\\/\\\/schema.org\",\"@graph\":[{\"@type\":\"WebPage\",\"@id\":\"https:\\\/\\\/tokl.de\\\/?page_id=124\",\"url\":\"https:\\\/\\\/tokl.de\\\/?page_id=124\",\"name\":\"Termine - Fachlicher Pilzsachverst\u00e4ndiger &amp; Beratung f\u00fcr sicheres Pilzesammeln\",\"isPartOf\":{\"@id\":\"https:\\\/\\\/tokl.de\\\/#website\"},\"datePublished\":\"2022-10-02T11:40:56+00:00\",\"dateModified\":\"2026-03-11T07:47:18+00:00\",\"breadcrumb\":{\"@id\":\"https:\\\/\\\/tokl.de\\\/?page_id=124#breadcrumb\"},\"inLanguage\":\"de\",\"potentialAction\":[{\"@type\":\"ReadAction\",\"target\":[\"https:\\\/\\\/tokl.de\\\/?page_id=124\"]}]},{\"@type\":\"BreadcrumbList\",\"@id\":\"https:\\\/\\\/tokl.de\\\/?page_id=124#breadcrumb\",\"itemListElement\":[{\"@type\":\"ListItem\",\"position\":1,\"name\":\"Startseite\",\"item\":\"https:\\\/\\\/tokl.de\\\/\"},{\"@type\":\"ListItem\",\"position\":2,\"name\":\"Termine\"}]},{\"@type\":\"WebSite\",\"@id\":\"https:\\\/\\\/tokl.de\\\/#website\",\"url\":\"https:\\\/\\\/tokl.de\\\/\",\"name\":\"Fachlicher Pilzsachverst\u00e4ndiger &amp; Beratung f\u00fcr sicheres Pilzesammeln\",\"description\":\"Kompetente Hilfe bei Pilzbestimmung, Pilzberatung und Pilzvergiftungen \u2013 Ihr Ansprechpartner mit Erfahrung und Leidenschaft f\u00fcr Mykologie\",\"alternateName\":\"Pilzexperte - Pilzsachverst\u00e4ndiger\",\"potentialAction\":[{\"@type\":\"SearchAction\",\"target\":{\"@type\":\"EntryPoint\",\"urlTemplate\":\"https:\\\/\\\/tokl.de\\\/?s={search_term_string}\"},\"query-input\":{\"@type\":\"PropertyValueSpecification\",\"valueRequired\":true,\"valueName\":\"search_term_string\"}}],\"inLanguage\":\"de\"}]}<\/script>\n<!-- \/ Yoast SEO plugin. -->","yoast_head_json":{"title":"Termine - Fachlicher Pilzsachverst\u00e4ndiger &amp; Beratung f\u00fcr sicheres Pilzesammeln","robots":{"index":"index","follow":"follow","max-snippet":"max-snippet:-1","max-image-preview":"max-image-preview:large","max-video-preview":"max-video-preview:-1"},"canonical":"https:\/\/tokl.de\/?page_id=124","og_locale":"de_DE","og_type":"article","og_title":"Termine - Fachlicher Pilzsachverst\u00e4ndiger &amp; Beratung f\u00fcr sicheres Pilzesammeln","og_description":"03.05.2026 11:00 &#8211; 18:00 Uhr &#8211; Waldtag 2026 \u2013 \u201cWald- und Wiesensch\u00e4tze\u201d beim Steigerwaldzentrum Handthal Ein bunter Familientag f\u00fcr Jung und Alt mit viel Programm, Spiel, Spa\u00df und Wissen, in diesem Jahr unter dem gro\u00dfen Thema \u201cWald- und Wiesensch\u00e4tze\u201d. Wir sind mit einem Info-Stand zum Thema Pilze vertreten. -Eintritt frei- Mehr Infos: https:\/\/steigerwald-zentrum.de\/termin\/waldtag-2026\/ 21.06.2026 10:00 &hellip; Weiterlesen","og_url":"https:\/\/tokl.de\/?page_id=124","og_site_name":"Fachlicher Pilzsachverst\u00e4ndiger &amp; Beratung f\u00fcr sicheres Pilzesammeln","article_modified_time":"2026-03-11T07:47:18+00:00","twitter_card":"summary_large_image","twitter_misc":{"Gesch\u00e4tzte Lesezeit":"2\u00a0Minuten"},"schema":{"@context":"https:\/\/schema.org","@graph":[{"@type":"WebPage","@id":"https:\/\/tokl.de\/?page_id=124","url":"https:\/\/tokl.de\/?page_id=124","name":"Termine - Fachlicher Pilzsachverst\u00e4ndiger &amp; Beratung f\u00fcr sicheres Pilzesammeln","isPartOf":{"@id":"https:\/\/tokl.de\/#website"},"datePublished":"2022-10-02T11:40:56+00:00","dateModified":"2026-03-11T07:47:18+00:00","breadcrumb":{"@id":"https:\/\/tokl.de\/?page_id=124#breadcrumb"},"inLanguage":"de","potentialAction":[{"@type":"ReadAction","target":["https:\/\/tokl.de\/?page_id=124"]}]},{"@type":"BreadcrumbList","@id":"https:\/\/tokl.de\/?page_id=124#breadcrumb","itemListElement":[{"@type":"ListItem","position":1,"name":"Startseite","item":"https:\/\/tokl.de\/"},{"@type":"ListItem","position":2,"name":"Termine"}]},{"@type":"WebSite","@id":"https:\/\/tokl.de\/#website","url":"https:\/\/tokl.de\/","name":"Fachlicher Pilzsachverst\u00e4ndiger &amp; Beratung f\u00fcr sicheres Pilzesammeln","description":"Kompetente Hilfe bei Pilzbestimmung, Pilzberatung und Pilzvergiftungen \u2013 Ihr Ansprechpartner mit Erfahrung und Leidenschaft f\u00fcr Mykologie","alternateName":"Pilzexperte - Pilzsachverst\u00e4ndiger","potentialAction":[{"@type":"SearchAction","target":{"@type":"EntryPoint","urlTemplate":"https:\/\/tokl.de\/?s={search_term_string}"},"query-input":{"@type":"PropertyValueSpecification","valueRequired":true,"valueName":"search_term_string"}}],"inLanguage":"de"}]}},"_links":{"self":[{"href":"https:\/\/tokl.de\/index.php?rest_route=\/wp\/v2\/pages\/124","targetHints":{"allow":["GET"]}}],"collection":[{"href":"https:\/\/tokl.de\/index.php?rest_route=\/wp\/v2\/pages"}],"about":[{"href":"https:\/\/tokl.de\/index.php?rest_route=\/wp\/v2\/types\/page"}],"author":[{"embeddable":true,"href":"https:\/\/tokl.de\/index.php?rest_route=\/wp\/v2\/users\/1"}],"replies":[{"embeddable":true,"href":"https:\/\/tokl.de\/index.php?rest_route=%2Fwp%2Fv2%2Fcomments&post=124"}],"version-history":[{"count":20,"href":"https:\/\/tokl.de\/index.php?rest_route=\/wp\/v2\/pages\/124\/revisions"}],"predecessor-version":[{"id":226,"href":"https:\/\/tokl.de\/index.php?rest_route=\/wp\/v2\/pages\/124\/revisions\/226"}],"wp:attachment":[{"href":"https:\/\/tokl.de\/index.php?rest_route=%2Fwp%2Fv2%2Fmedia&parent=124"}],"curies":[{"name":"wp","href":"https:\/\/api.w.org\/{rel}","templated":true}]}}